{"id":21226,"date":"2025-05-10T14:30:30","date_gmt":"2025-05-10T12:30:30","guid":{"rendered":"https:\/\/babyproffsenkalmar.se\/?post_type=product&#038;p=21226"},"modified":"2026-03-16T16:38:36","modified_gmt":"2026-03-16T15:38:36","slug":"leksakskok-i-tra-neutral-gron","status":"publish","type":"product","link":"https:\/\/babyproffsenkalmar.se\/en\/product\/leksakskok-i-tra-neutral-gron\/","title":{"rendered":"Leksaksk\u00f6k i tr\u00e4, Neutral Gr\u00f6n"},"content":{"rendered":"","protected":false},"excerpt":{"rendered":"","protected":false},"featured_media":36633,"comment_status":"open","ping_status":"closed","template":"","meta":{"advanced_seo_description":"","jetpack_seo_html_title":"","jetpack_seo_noindex":false},"product_brand":[1372343],"product_cat":[1372884,1372351,1372897],"product_tag":[],"class_list":{"0":"post-21226","1":"product","2":"type-product","3":"status-publish","4":"has-post-thumbnail","6":"product_brand-tripsheep","7":"product_cat-followers-sale","8":"product_cat-toys","9":"product_cat-role-play","10":"product_shipping_class-1372723","12":"first","13":"instock","14":"sale","15":"taxable","16":"shipping-taxable","17":"purchasable","18":"product-type-simple"},"bundled_by":[],"bundle_stock_status":"instock","bundle_stock_quantity":1,"bundle_virtual":false,"bundle_layout":"","bundle_add_to_cart_form_location":"","bundle_editable_in_cart":false,"bundle_sold_individually_context":"","bundle_item_grouping":"","bundle_min_size":"","bundle_max_size":"","bundle_price":[],"bundled_items":[],"bundle_sell_ids":[],"jetpack_sharing_enabled":true,"jetpack_likes_enabled":true,"_links":{"self":[{"href":"https:\/\/babyproffsenkalmar.se\/en\/wp-json\/wp\/v2\/product\/21226","targetHints":{"allow":["GET"]}}],"collection":[{"href":"https:\/\/babyproffsenkalmar.se\/en\/wp-json\/wp\/v2\/product"}],"about":[{"href":"https:\/\/babyproffsenkalmar.se\/en\/wp-json\/wp\/v2\/types\/product"}],"replies":[{"embeddable":true,"href":"https:\/\/babyproffsenkalmar.se\/en\/wp-json\/wp\/v2\/comments?post=21226"}],"wp:featuredmedia":[{"embeddable":true,"href":"https:\/\/babyproffsenkalmar.se\/en\/wp-json\/wp\/v2\/media\/36633"}],"wp:attachment":[{"href":"https:\/\/babyproffsenkalmar.se\/en\/wp-json\/wp\/v2\/media?parent=21226"}],"wp:term":[{"taxonomy":"product_brand","embeddable":true,"href":"https:\/\/babyproffsenkalmar.se\/en\/wp-json\/wp\/v2\/product_brand?post=21226"},{"taxonomy":"product_cat","embeddable":true,"href":"https:\/\/babyproffsenkalmar.se\/en\/wp-json\/wp\/v2\/product_cat?post=21226"},{"taxonomy":"product_tag","embeddable":true,"href":"https:\/\/babyproffsenkalmar.se\/en\/wp-json\/wp\/v2\/product_tag?post=21226"}],"curies":[{"name":"wp","href":"https:\/\/api.w.org\/{rel}","templated":true}]}}