{"id":31088,"date":"2025-09-24T11:57:12","date_gmt":"2025-09-24T09:57:12","guid":{"rendered":"https:\/\/babyproffsenkalmar.se\/?post_type=product&#038;p=31088"},"modified":"2026-01-21T14:57:51","modified_gmt":"2026-01-21T13:57:51","slug":"axkid-forankringsoglor-2-pack","status":"publish","type":"product","link":"https:\/\/babyproffsenkalmar.se\/en\/product\/axkid-forankringsoglor-2-pack\/","title":{"rendered":"Axkid F\u00f6rankrings\u00f6glor 2-pack"},"content":{"rendered":"","protected":false},"excerpt":{"rendered":"<p>F\u00f6rankrings\u00f6glorna \u00e4r designade f\u00f6r att f\u00f6renkla installationen av din bak\u00e5tv\u00e4nda bilbarnstol i ditt fordon. Tv\u00e5 f\u00e4st\u00f6glor per f\u00f6rpackning.<\/p>","protected":false},"featured_media":31090,"comment_status":"open","ping_status":"closed","template":"","meta":{"advanced_seo_description":"","jetpack_seo_html_title":"","jetpack_seo_noindex":false},"product_brand":[1372470],"product_cat":[1372373],"product_tag":[],"class_list":{"0":"post-31088","1":"product","2":"type-product","3":"status-publish","4":"has-post-thumbnail","6":"product_brand-axkid","7":"product_cat-pacifiers","9":"first","10":"instock","11":"sale","12":"taxable","13":"shipping-taxable","14":"purchasable","15":"product-type-simple"},"bundled_by":[],"bundle_stock_status":"instock","bundle_stock_quantity":8,"bundle_virtual":false,"bundle_layout":"","bundle_add_to_cart_form_location":"","bundle_editable_in_cart":false,"bundle_sold_individually_context":"","bundle_item_grouping":"","bundle_min_size":"","bundle_max_size":"","bundle_price":[],"bundled_items":[],"bundle_sell_ids":[],"jetpack_sharing_enabled":true,"jetpack_likes_enabled":true,"_links":{"self":[{"href":"https:\/\/babyproffsenkalmar.se\/en\/wp-json\/wp\/v2\/product\/31088","targetHints":{"allow":["GET"]}}],"collection":[{"href":"https:\/\/babyproffsenkalmar.se\/en\/wp-json\/wp\/v2\/product"}],"about":[{"href":"https:\/\/babyproffsenkalmar.se\/en\/wp-json\/wp\/v2\/types\/product"}],"replies":[{"embeddable":true,"href":"https:\/\/babyproffsenkalmar.se\/en\/wp-json\/wp\/v2\/comments?post=31088"}],"wp:featuredmedia":[{"embeddable":true,"href":"https:\/\/babyproffsenkalmar.se\/en\/wp-json\/wp\/v2\/media\/31090"}],"wp:attachment":[{"href":"https:\/\/babyproffsenkalmar.se\/en\/wp-json\/wp\/v2\/media?parent=31088"}],"wp:term":[{"taxonomy":"product_brand","embeddable":true,"href":"https:\/\/babyproffsenkalmar.se\/en\/wp-json\/wp\/v2\/product_brand?post=31088"},{"taxonomy":"product_cat","embeddable":true,"href":"https:\/\/babyproffsenkalmar.se\/en\/wp-json\/wp\/v2\/product_cat?post=31088"},{"taxonomy":"product_tag","embeddable":true,"href":"https:\/\/babyproffsenkalmar.se\/en\/wp-json\/wp\/v2\/product_tag?post=31088"}],"curies":[{"name":"wp","href":"https:\/\/api.w.org\/{rel}","templated":true}]}}