{"id":17528,"date":"2025-01-22T12:04:40","date_gmt":"2025-01-22T11:04:40","guid":{"rendered":"https:\/\/babyproffsenkalmar.se\/?post_type=product&#038;p=17528"},"modified":"2026-03-22T14:34:36","modified_gmt":"2026-03-22T13:34:36","slug":"mam-original-napp-silikon-6-16-man-2-pack","status":"publish","type":"product","link":"https:\/\/babyproffsenkalmar.se\/sv_se\/produkt\/mam-original-napp-silikon-6-16-man-2-pack\/","title":{"rendered":"MAM Original napp silikon 6-16 m\u00e5n 2-pack"},"content":{"rendered":"<p>Klassisk napp som \u00e4r skonsam f\u00f6r huden tack vare stora lufth\u00e5l och knottrig insida. Sugdelen \u00e4r i silkeslen silikon, MAM Skin Soft, som k\u00e4nns mjuk och v\u00e4lbekant, precis som mammas hud. MAM Original 2-pack ligger i en praktisk f\u00f6rvaring- och steriliseringsbox som g\u00f6r det enkelt att sterilisera napparna i mikron.<\/p>\n","protected":false},"excerpt":{"rendered":"<p>Klassisk napp som \u00e4r skonsam f\u00f6r huden tack vare stora lufth\u00e5l och knottrig insida. Sugdelen \u00e4r i silkeslen silikon, MAM Skin Soft, som k\u00e4nns mjuk och v\u00e4lbekant, precis som mammas hud. MAM Original 2-pack ligger i en praktisk f\u00f6rvaring- och steriliseringsbox som g\u00f6r det enkelt att sterilisera napparna i mikron.<\/p>\n","protected":false},"featured_media":17530,"comment_status":"open","ping_status":"closed","template":"","meta":{"advanced_seo_description":"","jetpack_seo_html_title":"","jetpack_seo_noindex":false},"product_brand":[1372831],"product_cat":[1372372,1372373],"product_tag":[],"class_list":{"0":"post-17528","1":"product","2":"type-product","3":"status-publish","4":"has-post-thumbnail","6":"product_brand-mam","7":"product_cat-baby","8":"product_cat-pacifiers","10":"first","11":"outofstock","12":"sale","13":"taxable","14":"shipping-taxable","15":"purchasable","16":"product-type-simple"},"bundled_by":[],"bundle_stock_status":"outofstock","bundle_stock_quantity":0,"bundle_virtual":false,"bundle_layout":"","bundle_add_to_cart_form_location":"","bundle_editable_in_cart":false,"bundle_sold_individually_context":"","bundle_item_grouping":"","bundle_min_size":"","bundle_max_size":"","bundle_price":[],"bundled_items":[],"bundle_sell_ids":[],"jetpack_sharing_enabled":true,"jetpack_likes_enabled":true,"_links":{"self":[{"href":"https:\/\/babyproffsenkalmar.se\/sv_se\/wp-json\/wp\/v2\/product\/17528","targetHints":{"allow":["GET"]}}],"collection":[{"href":"https:\/\/babyproffsenkalmar.se\/sv_se\/wp-json\/wp\/v2\/product"}],"about":[{"href":"https:\/\/babyproffsenkalmar.se\/sv_se\/wp-json\/wp\/v2\/types\/product"}],"replies":[{"embeddable":true,"href":"https:\/\/babyproffsenkalmar.se\/sv_se\/wp-json\/wp\/v2\/comments?post=17528"}],"wp:featuredmedia":[{"embeddable":true,"href":"https:\/\/babyproffsenkalmar.se\/sv_se\/wp-json\/wp\/v2\/media\/17530"}],"wp:attachment":[{"href":"https:\/\/babyproffsenkalmar.se\/sv_se\/wp-json\/wp\/v2\/media?parent=17528"}],"wp:term":[{"taxonomy":"product_brand","embeddable":true,"href":"https:\/\/babyproffsenkalmar.se\/sv_se\/wp-json\/wp\/v2\/product_brand?post=17528"},{"taxonomy":"product_cat","embeddable":true,"href":"https:\/\/babyproffsenkalmar.se\/sv_se\/wp-json\/wp\/v2\/product_cat?post=17528"},{"taxonomy":"product_tag","embeddable":true,"href":"https:\/\/babyproffsenkalmar.se\/sv_se\/wp-json\/wp\/v2\/product_tag?post=17528"}],"curies":[{"name":"wp","href":"https:\/\/api.w.org\/{rel}","templated":true}]}}